{"id":1692,"date":"2022-11-22T14:13:31","date_gmt":"2022-11-22T13:13:31","guid":{"rendered":"http:\/\/www.trombinoznotes.maxopieces.info\/index.php\/le-don-a-echoue\/"},"modified":"2022-11-22T14:13:31","modified_gmt":"2022-11-22T13:13:31","slug":"le-don-a-echoue","status":"publish","type":"page","link":"http:\/\/www.trombinoznotes.maxopieces.info\/index.php\/le-don-a-echoue\/","title":{"rendered":"Le don a \u00e9chou\u00e9"},"content":{"rendered":"<p>Nous sommes d\u00e9sol\u00e9s, mais votre transaction a \u00e9chou\u00e9. Veuillez essayer \u00e0 nouveau ou contacter l\u2019assistance du site.<\/p>\n","protected":false},"excerpt":{"rendered":"<p>Nous sommes d\u00e9sol\u00e9s, mais votre transaction a \u00e9chou\u00e9. Veuillez essayer \u00e0 nouveau ou contacter l\u2019assistance du site.<\/p>\n","protected":false},"author":1,"featured_media":0,"parent":0,"menu_order":0,"comment_status":"closed","ping_status":"closed","template":"","meta":{"_et_pb_use_builder":"","_et_pb_old_content":"","_et_gb_content_width":""},"_links":{"self":[{"href":"http:\/\/www.trombinoznotes.maxopieces.info\/index.php\/wp-json\/wp\/v2\/pages\/1692"}],"collection":[{"href":"http:\/\/www.trombinoznotes.maxopieces.info\/index.php\/wp-json\/wp\/v2\/pages"}],"about":[{"href":"http:\/\/www.trombinoznotes.maxopieces.info\/index.php\/wp-json\/wp\/v2\/types\/page"}],"author":[{"embeddable":true,"href":"http:\/\/www.trombinoznotes.maxopieces.info\/index.php\/wp-json\/wp\/v2\/users\/1"}],"replies":[{"embeddable":true,"href":"http:\/\/www.trombinoznotes.maxopieces.info\/index.php\/wp-json\/wp\/v2\/comments?post=1692"}],"version-history":[{"count":0,"href":"http:\/\/www.trombinoznotes.maxopieces.info\/index.php\/wp-json\/wp\/v2\/pages\/1692\/revisions"}],"wp:attachment":[{"href":"http:\/\/www.trombinoznotes.maxopieces.info\/index.php\/wp-json\/wp\/v2\/media?parent=1692"}],"curies":[{"name":"wp","href":"https:\/\/api.w.org\/{rel}","templated":true}]}}